{"id":18509,"date":"2023-06-15T19:20:18","date_gmt":"2023-06-15T22:20:18","guid":{"rendered":"https:\/\/www.noticiasfire.com.br\/?page_id=18509"},"modified":"2023-06-15T19:20:18","modified_gmt":"2023-06-15T22:20:18","slug":"quem-somos","status":"publish","type":"page","link":"https:\/\/www.noticiasfire.com.br\/es\/quem-somos\/","title":{"rendered":"Quienes somos"},"content":{"rendered":"<p>\u00a1Bienvenido a Not\u00edciasFire! Somos un blog dedicado a traerte las \u00faltimas noticias, con especial atenci\u00f3n a las tarjetas de cr\u00e9dito, los pr\u00e9stamos y el mercado financiero.<\/p>\n\n\n\n<p>Nuestro objetivo es mantener informados a nuestros lectores sobre los acontecimientos m\u00e1s relevantes que tienen lugar en el mundo, especialmente en lo que se refiere a asuntos financieros. Nos comprometemos a proporcionar informaci\u00f3n precisa, fiable y actualizada para ayudar a nuestros lectores a tomar decisiones informadas sobre sus tarjetas de cr\u00e9dito, pr\u00e9stamos e inversiones.<\/p>\n\n\n\n<p>En Not\u00edcias Fire, creemos que el conocimiento financiero es esencial para una vida econ\u00f3mica sana y pr\u00f3spera. Por eso le traemos las \u00faltimas noticias del mercado financiero, incluyendo an\u00e1lisis, tendencias y consejos \u00fatiles para ayudar a nuestros lectores a gestionar sus finanzas de forma inteligente.<\/p>\n\n\n\n<p>Adem\u00e1s, somos conscientes de la importancia de las tarjetas de cr\u00e9dito y los pr\u00e9stamos en la vida moderna. Por eso hemos dedicado una secci\u00f3n especial a comentar las mejores opciones disponibles en el mercado, analizando sus caracter\u00edsticas y ventajas, y proporcionando valiosos consejos para ayudar a nuestros lectores a tomar decisiones informadas sobre sus tarjetas de cr\u00e9dito y pr\u00e9stamos personales.<\/p>\n\n\n\n<p>Nuestro compromiso con la transparencia y la imparcialidad es fundamental. Nuestros art\u00edculos se basan en investigaciones en profundidad, consultas con expertos del sector y fuentes de informaci\u00f3n fiables. No tenemos ninguna afiliaci\u00f3n con instituciones financieras concretas, lo que nos permite ofrecer an\u00e1lisis imparciales e independientes.<\/p>\n\n\n\n<p>El equipo de Not\u00edcias Fire est\u00e1 formado por redactores experimentados y apasionados por las finanzas, que est\u00e1n constantemente al d\u00eda de las \u00faltimas tendencias y cambios en el mundo financiero. Siempre estamos buscando informaci\u00f3n relevante e interesante para compartir con nuestros lectores.<\/p>\n\n\n\n<p>Gracias por elegir Not\u00edcias Fire como su fuente de informaci\u00f3n de confianza sobre actualidad, tarjetas de cr\u00e9dito, pr\u00e9stamos y mercado financiero. Esperamos que nuestros contenidos le resulten \u00fatiles, educativos e inspiradores. No dude en explorar nuestro blog y ponerse en contacto con nosotros si tiene alguna pregunta o sugerencia. Estamos aqu\u00ed para ayudarle.<\/p>\n\n\n\n<p>Equipo NewsFire<\/p>","protected":false},"excerpt":{"rendered":"<p>Bem-vindo ao Not\u00edciasFire! Somos um blog dedicado a trazer as \u00faltimas not\u00edcias da atualidade, com foco especial em cart\u00f5es de cr\u00e9dito, empr\u00e9stimos e o mercado financeiro. Nosso objetivo \u00e9 manter nossos leitores informados sobre os eventos mais relevantes que est\u00e3o ocorrendo no mundo, especialmente quando se trata de assuntos financeiros. Estamos comprometidos em fornecer informa\u00e7\u00f5es &#8230; <a title=\"Quienes somos\" class=\"read-more\" href=\"https:\/\/www.noticiasfire.com.br\/es\/quem-somos\/\" aria-label=\"Leer m\u00e1s sobre Quem Somos\">Leer m\u00e1s<\/a><\/p>","protected":false},"author":3,"featured_media":0,"parent":0,"menu_order":0,"comment_status":"closed","ping_status":"closed","template":"","meta":{"footnotes":""},"class_list":["post-18509","page","type-page","status-publish"],"yoast_head":"<!-- This site is optimized with the Yoast SEO plugin v27.3 - https:\/\/yoast.com\/product\/yoast-seo-wordpress\/ -->\n<title>Quem Somos -<\/title>\n<meta name=\"robots\" content=\"index, follow, max-snippet:-1, max-image-preview:large, max-video-preview:-1\" \/>\n<link rel=\"canonical\" href=\"https:\/\/www.noticiasfire.com.br\/es\/quem-somos\/\" \/>\n<meta property=\"og:locale\" content=\"es_MX\" \/>\n<meta property=\"og:type\" content=\"article\" \/>\n<meta property=\"og:title\" content=\"Quem Somos -\" \/>\n<meta property=\"og:description\" content=\"Bem-vindo ao Not\u00edciasFire! Somos um blog dedicado a trazer as \u00faltimas not\u00edcias da atualidade, com foco especial em cart\u00f5es de cr\u00e9dito, empr\u00e9stimos e o mercado financeiro. Nosso objetivo \u00e9 manter nossos leitores informados sobre os eventos mais relevantes que est\u00e3o ocorrendo no mundo, especialmente quando se trata de assuntos financeiros. Estamos comprometidos em fornecer informa\u00e7\u00f5es ... Leer m\u00e1s\" \/>\n<meta property=\"og:url\" content=\"https:\/\/www.noticiasfire.com.br\/es\/quem-somos\/\" \/>\n<meta name=\"twitter:card\" content=\"summary_large_image\" \/>\n<meta name=\"twitter:label1\" content=\"Tiempo de lectura\" \/>\n\t<meta name=\"twitter:data1\" content=\"2 minutos\" \/>\n<script type=\"application\/ld+json\" class=\"yoast-schema-graph\">{\"@context\":\"https:\\\/\\\/schema.org\",\"@graph\":[{\"@type\":\"WebPage\",\"@id\":\"https:\\\/\\\/www.noticiasfire.com.br\\\/quem-somos\\\/\",\"url\":\"https:\\\/\\\/www.noticiasfire.com.br\\\/quem-somos\\\/\",\"name\":\"Quem Somos -\",\"isPartOf\":{\"@id\":\"https:\\\/\\\/www.noticiasfire.com.br\\\/#website\"},\"datePublished\":\"2023-06-15T22:20:18+00:00\",\"breadcrumb\":{\"@id\":\"https:\\\/\\\/www.noticiasfire.com.br\\\/quem-somos\\\/#breadcrumb\"},\"inLanguage\":\"es\",\"potentialAction\":[{\"@type\":\"ReadAction\",\"target\":[\"https:\\\/\\\/www.noticiasfire.com.br\\\/quem-somos\\\/\"]}]},{\"@type\":\"BreadcrumbList\",\"@id\":\"https:\\\/\\\/www.noticiasfire.com.br\\\/quem-somos\\\/#breadcrumb\",\"itemListElement\":[{\"@type\":\"ListItem\",\"position\":1,\"name\":\"In\u00edcio\",\"item\":\"https:\\\/\\\/www.noticiasfire.com.br\\\/\"},{\"@type\":\"ListItem\",\"position\":2,\"name\":\"Quem Somos\"}]},{\"@type\":\"WebSite\",\"@id\":\"https:\\\/\\\/www.noticiasfire.com.br\\\/#website\",\"url\":\"https:\\\/\\\/www.noticiasfire.com.br\\\/\",\"name\":\"NoticiasFire\",\"description\":\"\",\"publisher\":{\"@id\":\"https:\\\/\\\/www.noticiasfire.com.br\\\/#organization\"},\"potentialAction\":[{\"@type\":\"SearchAction\",\"target\":{\"@type\":\"EntryPoint\",\"urlTemplate\":\"https:\\\/\\\/www.noticiasfire.com.br\\\/?s={search_term_string}\"},\"query-input\":{\"@type\":\"PropertyValueSpecification\",\"valueRequired\":true,\"valueName\":\"search_term_string\"}}],\"inLanguage\":\"es\"},{\"@type\":\"Organization\",\"@id\":\"https:\\\/\\\/www.noticiasfire.com.br\\\/#organization\",\"name\":\"NoticiasFire\",\"url\":\"https:\\\/\\\/www.noticiasfire.com.br\\\/\",\"logo\":{\"@type\":\"ImageObject\",\"inLanguage\":\"es\",\"@id\":\"https:\\\/\\\/www.noticiasfire.com.br\\\/#\\\/schema\\\/logo\\\/image\\\/\",\"url\":\"https:\\\/\\\/www.noticiasfire.com.br\\\/wp-content\\\/uploads\\\/2025\\\/08\\\/cropped-Captura_de_Tela_2025-08-13_as_20.34.29__1_-removebg-preview.png\",\"contentUrl\":\"https:\\\/\\\/www.noticiasfire.com.br\\\/wp-content\\\/uploads\\\/2025\\\/08\\\/cropped-Captura_de_Tela_2025-08-13_as_20.34.29__1_-removebg-preview.png\",\"width\":748,\"height\":286,\"caption\":\"NoticiasFire\"},\"image\":{\"@id\":\"https:\\\/\\\/www.noticiasfire.com.br\\\/#\\\/schema\\\/logo\\\/image\\\/\"}}]}<\/script>\n<!-- \/ Yoast SEO plugin. -->","yoast_head_json":{"title":"Quem Somos -","robots":{"index":"index","follow":"follow","max-snippet":"max-snippet:-1","max-image-preview":"max-image-preview:large","max-video-preview":"max-video-preview:-1"},"canonical":"https:\/\/www.noticiasfire.com.br\/es\/quem-somos\/","og_locale":"es_MX","og_type":"article","og_title":"Quem Somos -","og_description":"Bem-vindo ao Not\u00edciasFire! Somos um blog dedicado a trazer as \u00faltimas not\u00edcias da atualidade, com foco especial em cart\u00f5es de cr\u00e9dito, empr\u00e9stimos e o mercado financeiro. Nosso objetivo \u00e9 manter nossos leitores informados sobre os eventos mais relevantes que est\u00e3o ocorrendo no mundo, especialmente quando se trata de assuntos financeiros. Estamos comprometidos em fornecer informa\u00e7\u00f5es ... Leer m\u00e1s","og_url":"https:\/\/www.noticiasfire.com.br\/es\/quem-somos\/","twitter_card":"summary_large_image","twitter_misc":{"Tiempo de lectura":"2 minutos"},"schema":{"@context":"https:\/\/schema.org","@graph":[{"@type":"WebPage","@id":"https:\/\/www.noticiasfire.com.br\/quem-somos\/","url":"https:\/\/www.noticiasfire.com.br\/quem-somos\/","name":"Quem Somos -","isPartOf":{"@id":"https:\/\/www.noticiasfire.com.br\/#website"},"datePublished":"2023-06-15T22:20:18+00:00","breadcrumb":{"@id":"https:\/\/www.noticiasfire.com.br\/quem-somos\/#breadcrumb"},"inLanguage":"es","potentialAction":[{"@type":"ReadAction","target":["https:\/\/www.noticiasfire.com.br\/quem-somos\/"]}]},{"@type":"BreadcrumbList","@id":"https:\/\/www.noticiasfire.com.br\/quem-somos\/#breadcrumb","itemListElement":[{"@type":"ListItem","position":1,"name":"In\u00edcio","item":"https:\/\/www.noticiasfire.com.br\/"},{"@type":"ListItem","position":2,"name":"Quem Somos"}]},{"@type":"WebSite","@id":"https:\/\/www.noticiasfire.com.br\/#website","url":"https:\/\/www.noticiasfire.com.br\/","name":"NoticiasFire","description":"","publisher":{"@id":"https:\/\/www.noticiasfire.com.br\/#organization"},"potentialAction":[{"@type":"SearchAction","target":{"@type":"EntryPoint","urlTemplate":"https:\/\/www.noticiasfire.com.br\/?s={search_term_string}"},"query-input":{"@type":"PropertyValueSpecification","valueRequired":true,"valueName":"search_term_string"}}],"inLanguage":"es"},{"@type":"Organization","@id":"https:\/\/www.noticiasfire.com.br\/#organization","name":"NoticiasFire","url":"https:\/\/www.noticiasfire.com.br\/","logo":{"@type":"ImageObject","inLanguage":"es","@id":"https:\/\/www.noticiasfire.com.br\/#\/schema\/logo\/image\/","url":"https:\/\/www.noticiasfire.com.br\/wp-content\/uploads\/2025\/08\/cropped-Captura_de_Tela_2025-08-13_as_20.34.29__1_-removebg-preview.png","contentUrl":"https:\/\/www.noticiasfire.com.br\/wp-content\/uploads\/2025\/08\/cropped-Captura_de_Tela_2025-08-13_as_20.34.29__1_-removebg-preview.png","width":748,"height":286,"caption":"NoticiasFire"},"image":{"@id":"https:\/\/www.noticiasfire.com.br\/#\/schema\/logo\/image\/"}}]}},"_links":{"self":[{"href":"https:\/\/www.noticiasfire.com.br\/es\/wp-json\/wp\/v2\/pages\/18509","targetHints":{"allow":["GET"]}}],"collection":[{"href":"https:\/\/www.noticiasfire.com.br\/es\/wp-json\/wp\/v2\/pages"}],"about":[{"href":"https:\/\/www.noticiasfire.com.br\/es\/wp-json\/wp\/v2\/types\/page"}],"author":[{"embeddable":true,"href":"https:\/\/www.noticiasfire.com.br\/es\/wp-json\/wp\/v2\/users\/3"}],"replies":[{"embeddable":true,"href":"https:\/\/www.noticiasfire.com.br\/es\/wp-json\/wp\/v2\/comments?post=18509"}],"version-history":[{"count":0,"href":"https:\/\/www.noticiasfire.com.br\/es\/wp-json\/wp\/v2\/pages\/18509\/revisions"}],"wp:attachment":[{"href":"https:\/\/www.noticiasfire.com.br\/es\/wp-json\/wp\/v2\/media?parent=18509"}],"curies":[{"name":"wp","href":"https:\/\/api.w.org\/{rel}","templated":true}]}}