{"id":19471,"date":"2023-08-17T17:12:55","date_gmt":"2023-08-17T20:12:55","guid":{"rendered":"https:\/\/www.noticiasfire.com.br\/?page_id=19471"},"modified":"2023-08-17T17:12:55","modified_gmt":"2023-08-17T20:12:55","slug":"disclaimer","status":"publish","type":"page","link":"https:\/\/www.noticiasfire.com.br\/es\/disclaimer\/","title":{"rendered":"Disclaimer"},"content":{"rendered":"<p><strong>Aviso importante<\/strong>NOTICIASFIRE no exige en ning\u00fan caso cantidades monetarias para la liberaci\u00f3n de ning\u00fan tipo de producto financiero, incluyendo tarjetas de cr\u00e9dito, pr\u00e9stamos o financiaci\u00f3n.<\/p>\n\n\n\n<p>Si se produce una situaci\u00f3n de este tipo, inf\u00f3rmenos inmediatamente a trav\u00e9s de nuestro portal.<\/p>\n\n\n\n<p>Notas relevantes: NOTICIASFIRE se esfuerza por mantener toda la informaci\u00f3n lo m\u00e1s actualizada posible. No obstante, debe tenerse en cuenta que esta informaci\u00f3n puede diferir de la publicada en los sitios web de entidades financieras o proveedores de servicios espec\u00edficos. Garantizamos que la informaci\u00f3n sobre todos los productos anunciados en este sitio web (<a href=\"https:\/\/www.noticiasfire.com.br\/es\/\">https:\/\/noticiasfire.com.br\/<\/a>) no est\u00e1n respaldados por ninguna garant\u00eda de actualizaci\u00f3n.<\/p>\n\n\n\n<p>Es esencial que siempre examine detenidamente las condiciones de uso y de compra estipuladas por las entidades financieras de su elecci\u00f3n.<\/p>\n\n\n\n<p>Asociaciones: \u00bfC\u00f3mo ganamos dinero? Recibimos una remuneraci\u00f3n por anunciarnos en nuestro portal y por remitir usuarios a nuestros socios que solicitan un producto o propuesta. Todo lo que publicamos se basa en evaluaciones cuantitativas y cualitativas de cada producto. Cabe destacar que nuestros socios pueden influir directamente en los productos que cubrimos y rese\u00f1amos, determinando el ranking de los art\u00edculos considerados \"mejores\" y la posici\u00f3n de estos productos en NOTICIASFIRE. Debido a la multiplicidad de productos anunciados en nuestro portal, queremos hacer hincapi\u00e9 en que NOTICIASFIRE no asume ninguna responsabilidad ni ofrece ninguna garant\u00eda en cuanto a la calidad y actualidad de la informaci\u00f3n sobre todos estos productos, ni por la informaci\u00f3n proporcionada en nuestro sitio.<\/p>\n\n\n\n<p>Consideraciones finales: NOTICIASFIRE se esfuerza por mantener toda la informaci\u00f3n actualizada y exacta. No obstante, esta informaci\u00f3n puede diferir de la publicada en los sitios de entidades financieras, proveedores de servicios o sitios de productos espec\u00edficos. NOTICIASFIRE no se hace responsable de las ofertas e informaciones publicadas en nuestro portal. Presentamos todos los productos financieros sin garant\u00eda de informaci\u00f3n actualizada. Siempre que seleccione una oferta, le recomendamos que lea atentamente las condiciones estipuladas por las entidades financieras y las condiciones de compra.<\/p>\n\n\n\n<h2 class=\"wp-block-heading\">Menciones legales<\/h2>\n\n\n\n<p>El sitio web \"Not\u00edciasFire\" es una plataforma de informaci\u00f3n que ofrece recomendaciones y an\u00e1lisis sobre tarjetas de cr\u00e9dito y pr\u00e9stamos con el objetivo de orientar e informar a nuestros usuarios. Destacamos que \"Not\u00edciasFire\" no tiene ning\u00fan v\u00ednculo directo o indirecto con entidades financieras, bancos o empresas relacionadas con el sector financiero.<\/p>\n\n\n\n<p>Nos esforzamos por garantizar que la informaci\u00f3n presentada en nuestro sitio web sea precisa, actualizada y \u00fatil. No obstante, los usuarios deben entender que las recomendaciones y an\u00e1lisis ofrecidos se basan en nuestra propia investigaci\u00f3n y criterio.<\/p>\n\n\n\n<p>Es importante que los usuarios act\u00faen con la diligencia debida a la hora de tomar decisiones financieras. Siempre recomendamos a los usuarios que, antes de tomar cualquier decisi\u00f3n, consulten directamente a las entidades financieras para obtener informaci\u00f3n actualizada, precisa y detallada sobre productos financieros, t\u00e9rminos y condiciones.<\/p>\n\n\n\n<p>Al utilizar el sitio \"Not\u00edciasFire\", los usuarios aceptan eximir al sitio, a sus colaboradores, autores y afiliados de cualquier responsabilidad por las decisiones financieras tomadas sobre la base de la informaci\u00f3n proporcionada por el sitio. Hacemos hincapi\u00e9 en que los usuarios son los \u00fanicos responsables de sus decisiones y acciones financieras.<\/p>\n\n\n\n<p>La informaci\u00f3n presentada en el sitio web \"Not\u00edciasFire\" no constituye asesoramiento financiero, jur\u00eddico o profesional. Recomendamos a los usuarios que busquen asesoramiento profesional y personalizado antes de tomar decisiones financieras importantes.<\/p>\n\n\n\n<p>\u00daltima actualizaci\u00f3n: 21 de septiembre de 2023<\/p>","protected":false},"excerpt":{"rendered":"<p>Aviso Importante: NOTICIASFIRE n\u00e3o faz requerimentos de quantias monet\u00e1rias em nenhuma circunst\u00e2ncia, visando a libera\u00e7\u00e3o de qualquer g\u00eanero de produto financeiro, incluindo cart\u00f5es de cr\u00e9dito, financiamentos ou empr\u00e9stimos. Caso ocorra uma situa\u00e7\u00e3o assim, solicitamos que nos informe imediatamente por meio do nosso portal. Observa\u00e7\u00f5es Relevantes: NOTICIASFIRE empenha-se em manter todas as informa\u00e7\u00f5es t\u00e3o atualizadas quanto &#8230; <a title=\"Disclaimer\" class=\"read-more\" href=\"https:\/\/www.noticiasfire.com.br\/es\/disclaimer\/\" aria-label=\"Leer m\u00e1s sobre Disclaimer\">Leer m\u00e1s<\/a><\/p>","protected":false},"author":3,"featured_media":0,"parent":0,"menu_order":0,"comment_status":"closed","ping_status":"closed","template":"","meta":{"footnotes":""},"class_list":["post-19471","page","type-page","status-publish"],"yoast_head":"<!-- This site is optimized with the Yoast SEO plugin v27.3 - https:\/\/yoast.com\/product\/yoast-seo-wordpress\/ -->\n<title>Disclaimer -<\/title>\n<meta name=\"robots\" content=\"index, follow, max-snippet:-1, max-image-preview:large, max-video-preview:-1\" \/>\n<link rel=\"canonical\" href=\"https:\/\/www.noticiasfire.com.br\/es\/disclaimer\/\" \/>\n<meta property=\"og:locale\" content=\"es_MX\" \/>\n<meta property=\"og:type\" content=\"article\" \/>\n<meta property=\"og:title\" content=\"Disclaimer -\" \/>\n<meta property=\"og:description\" content=\"Aviso Importante: NOTICIASFIRE n\u00e3o faz requerimentos de quantias monet\u00e1rias em nenhuma circunst\u00e2ncia, visando a libera\u00e7\u00e3o de qualquer g\u00eanero de produto financeiro, incluindo cart\u00f5es de cr\u00e9dito, financiamentos ou empr\u00e9stimos. Caso ocorra uma situa\u00e7\u00e3o assim, solicitamos que nos informe imediatamente por meio do nosso portal. Observa\u00e7\u00f5es Relevantes: NOTICIASFIRE empenha-se em manter todas as informa\u00e7\u00f5es t\u00e3o atualizadas quanto ... Leer m\u00e1s\" \/>\n<meta property=\"og:url\" content=\"https:\/\/www.noticiasfire.com.br\/es\/disclaimer\/\" \/>\n<meta name=\"twitter:card\" content=\"summary_large_image\" \/>\n<meta name=\"twitter:label1\" content=\"Tiempo de lectura\" \/>\n\t<meta name=\"twitter:data1\" content=\"3 minutos\" \/>\n<script type=\"application\/ld+json\" class=\"yoast-schema-graph\">{\"@context\":\"https:\\\/\\\/schema.org\",\"@graph\":[{\"@type\":\"WebPage\",\"@id\":\"https:\\\/\\\/www.noticiasfire.com.br\\\/disclaimer\\\/\",\"url\":\"https:\\\/\\\/www.noticiasfire.com.br\\\/disclaimer\\\/\",\"name\":\"Disclaimer -\",\"isPartOf\":{\"@id\":\"https:\\\/\\\/www.noticiasfire.com.br\\\/#website\"},\"datePublished\":\"2023-08-17T20:12:55+00:00\",\"breadcrumb\":{\"@id\":\"https:\\\/\\\/www.noticiasfire.com.br\\\/disclaimer\\\/#breadcrumb\"},\"inLanguage\":\"es\",\"potentialAction\":[{\"@type\":\"ReadAction\",\"target\":[\"https:\\\/\\\/www.noticiasfire.com.br\\\/disclaimer\\\/\"]}]},{\"@type\":\"BreadcrumbList\",\"@id\":\"https:\\\/\\\/www.noticiasfire.com.br\\\/disclaimer\\\/#breadcrumb\",\"itemListElement\":[{\"@type\":\"ListItem\",\"position\":1,\"name\":\"In\u00edcio\",\"item\":\"https:\\\/\\\/www.noticiasfire.com.br\\\/\"},{\"@type\":\"ListItem\",\"position\":2,\"name\":\"Disclaimer\"}]},{\"@type\":\"WebSite\",\"@id\":\"https:\\\/\\\/www.noticiasfire.com.br\\\/#website\",\"url\":\"https:\\\/\\\/www.noticiasfire.com.br\\\/\",\"name\":\"NoticiasFire\",\"description\":\"\",\"publisher\":{\"@id\":\"https:\\\/\\\/www.noticiasfire.com.br\\\/#organization\"},\"potentialAction\":[{\"@type\":\"SearchAction\",\"target\":{\"@type\":\"EntryPoint\",\"urlTemplate\":\"https:\\\/\\\/www.noticiasfire.com.br\\\/?s={search_term_string}\"},\"query-input\":{\"@type\":\"PropertyValueSpecification\",\"valueRequired\":true,\"valueName\":\"search_term_string\"}}],\"inLanguage\":\"es\"},{\"@type\":\"Organization\",\"@id\":\"https:\\\/\\\/www.noticiasfire.com.br\\\/#organization\",\"name\":\"NoticiasFire\",\"url\":\"https:\\\/\\\/www.noticiasfire.com.br\\\/\",\"logo\":{\"@type\":\"ImageObject\",\"inLanguage\":\"es\",\"@id\":\"https:\\\/\\\/www.noticiasfire.com.br\\\/#\\\/schema\\\/logo\\\/image\\\/\",\"url\":\"https:\\\/\\\/www.noticiasfire.com.br\\\/wp-content\\\/uploads\\\/2025\\\/08\\\/cropped-Captura_de_Tela_2025-08-13_as_20.34.29__1_-removebg-preview.png\",\"contentUrl\":\"https:\\\/\\\/www.noticiasfire.com.br\\\/wp-content\\\/uploads\\\/2025\\\/08\\\/cropped-Captura_de_Tela_2025-08-13_as_20.34.29__1_-removebg-preview.png\",\"width\":748,\"height\":286,\"caption\":\"NoticiasFire\"},\"image\":{\"@id\":\"https:\\\/\\\/www.noticiasfire.com.br\\\/#\\\/schema\\\/logo\\\/image\\\/\"}}]}<\/script>\n<!-- \/ Yoast SEO plugin. -->","yoast_head_json":{"title":"Disclaimer -","robots":{"index":"index","follow":"follow","max-snippet":"max-snippet:-1","max-image-preview":"max-image-preview:large","max-video-preview":"max-video-preview:-1"},"canonical":"https:\/\/www.noticiasfire.com.br\/es\/disclaimer\/","og_locale":"es_MX","og_type":"article","og_title":"Disclaimer -","og_description":"Aviso Importante: NOTICIASFIRE n\u00e3o faz requerimentos de quantias monet\u00e1rias em nenhuma circunst\u00e2ncia, visando a libera\u00e7\u00e3o de qualquer g\u00eanero de produto financeiro, incluindo cart\u00f5es de cr\u00e9dito, financiamentos ou empr\u00e9stimos. Caso ocorra uma situa\u00e7\u00e3o assim, solicitamos que nos informe imediatamente por meio do nosso portal. Observa\u00e7\u00f5es Relevantes: NOTICIASFIRE empenha-se em manter todas as informa\u00e7\u00f5es t\u00e3o atualizadas quanto ... Leer m\u00e1s","og_url":"https:\/\/www.noticiasfire.com.br\/es\/disclaimer\/","twitter_card":"summary_large_image","twitter_misc":{"Tiempo de lectura":"3 minutos"},"schema":{"@context":"https:\/\/schema.org","@graph":[{"@type":"WebPage","@id":"https:\/\/www.noticiasfire.com.br\/disclaimer\/","url":"https:\/\/www.noticiasfire.com.br\/disclaimer\/","name":"Disclaimer -","isPartOf":{"@id":"https:\/\/www.noticiasfire.com.br\/#website"},"datePublished":"2023-08-17T20:12:55+00:00","breadcrumb":{"@id":"https:\/\/www.noticiasfire.com.br\/disclaimer\/#breadcrumb"},"inLanguage":"es","potentialAction":[{"@type":"ReadAction","target":["https:\/\/www.noticiasfire.com.br\/disclaimer\/"]}]},{"@type":"BreadcrumbList","@id":"https:\/\/www.noticiasfire.com.br\/disclaimer\/#breadcrumb","itemListElement":[{"@type":"ListItem","position":1,"name":"In\u00edcio","item":"https:\/\/www.noticiasfire.com.br\/"},{"@type":"ListItem","position":2,"name":"Disclaimer"}]},{"@type":"WebSite","@id":"https:\/\/www.noticiasfire.com.br\/#website","url":"https:\/\/www.noticiasfire.com.br\/","name":"NoticiasFire","description":"","publisher":{"@id":"https:\/\/www.noticiasfire.com.br\/#organization"},"potentialAction":[{"@type":"SearchAction","target":{"@type":"EntryPoint","urlTemplate":"https:\/\/www.noticiasfire.com.br\/?s={search_term_string}"},"query-input":{"@type":"PropertyValueSpecification","valueRequired":true,"valueName":"search_term_string"}}],"inLanguage":"es"},{"@type":"Organization","@id":"https:\/\/www.noticiasfire.com.br\/#organization","name":"NoticiasFire","url":"https:\/\/www.noticiasfire.com.br\/","logo":{"@type":"ImageObject","inLanguage":"es","@id":"https:\/\/www.noticiasfire.com.br\/#\/schema\/logo\/image\/","url":"https:\/\/www.noticiasfire.com.br\/wp-content\/uploads\/2025\/08\/cropped-Captura_de_Tela_2025-08-13_as_20.34.29__1_-removebg-preview.png","contentUrl":"https:\/\/www.noticiasfire.com.br\/wp-content\/uploads\/2025\/08\/cropped-Captura_de_Tela_2025-08-13_as_20.34.29__1_-removebg-preview.png","width":748,"height":286,"caption":"NoticiasFire"},"image":{"@id":"https:\/\/www.noticiasfire.com.br\/#\/schema\/logo\/image\/"}}]}},"_links":{"self":[{"href":"https:\/\/www.noticiasfire.com.br\/es\/wp-json\/wp\/v2\/pages\/19471","targetHints":{"allow":["GET"]}}],"collection":[{"href":"https:\/\/www.noticiasfire.com.br\/es\/wp-json\/wp\/v2\/pages"}],"about":[{"href":"https:\/\/www.noticiasfire.com.br\/es\/wp-json\/wp\/v2\/types\/page"}],"author":[{"embeddable":true,"href":"https:\/\/www.noticiasfire.com.br\/es\/wp-json\/wp\/v2\/users\/3"}],"replies":[{"embeddable":true,"href":"https:\/\/www.noticiasfire.com.br\/es\/wp-json\/wp\/v2\/comments?post=19471"}],"version-history":[{"count":0,"href":"https:\/\/www.noticiasfire.com.br\/es\/wp-json\/wp\/v2\/pages\/19471\/revisions"}],"wp:attachment":[{"href":"https:\/\/www.noticiasfire.com.br\/es\/wp-json\/wp\/v2\/media?parent=19471"}],"curies":[{"name":"wp","href":"https:\/\/api.w.org\/{rel}","templated":true}]}}